{"id":2058,"date":"2025-03-14T11:01:57","date_gmt":"2025-03-14T11:01:57","guid":{"rendered":"https:\/\/www.londonhelp4u.co.uk\/cartoriohelp4u\/?page_id=2058"},"modified":"2025-08-06T10:34:28","modified_gmt":"2025-08-06T10:34:28","slug":"about-us","status":"publish","type":"page","link":"https:\/\/www.londonhelp4u.co.uk\/cartoriohelp4u\/en\/about-us\/","title":{"rendered":"About Us"},"content":{"rendered":"\t\t<div data-elementor-type=\"wp-page\" data-elementor-id=\"2058\" class=\"elementor elementor-2058\">\n\t\t\t\t<div class=\"elementor-element elementor-element-53ed046 e-flex e-con-boxed wpr-particle-no wpr-jarallax-no wpr-parallax-no wpr-sticky-section-no e-con e-parent\" data-id=\"53ed046\" data-element_type=\"container\" data-e-type=\"container\" data-settings=\"{&quot;background_background&quot;:&quot;classic&quot;}\">\n\t\t\t\t\t<div class=\"e-con-inner\">\n\t\t<div class=\"elementor-element elementor-element-ffef87f e-con-full e-flex wpr-particle-no wpr-jarallax-no wpr-parallax-no wpr-sticky-section-no e-con e-child\" data-id=\"ffef87f\" data-element_type=\"container\" data-e-type=\"container\">\n\t\t\t\t<div class=\"elementor-element elementor-element-2d5f7d0 elementor-vertical-align-top elementor-widget elementor-widget-image-box\" data-id=\"2d5f7d0\" data-element_type=\"widget\" data-e-type=\"widget\" data-widget_type=\"image-box.default\">\n\t\t\t\t<div class=\"elementor-widget-container\">\n\t\t\t\t\t<div class=\"elementor-image-box-wrapper\"><div class=\"elementor-image-box-content\"><h1 class=\"elementor-image-box-title\">About Us<\/h1><\/div><\/div>\t\t\t\t<\/div>\n\t\t\t\t<\/div>\n\t\t\t\t<\/div>\n\t\t\t\t\t<\/div>\n\t\t\t\t<\/div>\n\t\t<div class=\"elementor-element elementor-element-e46d8b5 e-flex e-con-boxed wpr-particle-no wpr-jarallax-no wpr-parallax-no wpr-sticky-section-no e-con e-parent\" data-id=\"e46d8b5\" data-element_type=\"container\" data-e-type=\"container\">\n\t\t\t\t\t<div class=\"e-con-inner\">\n\t\t\t\t<div class=\"elementor-element elementor-element-5b800d9 elementor-widget__width-initial elementor-widget-mobile__width-inherit elementor-widget elementor-widget-heading\" data-id=\"5b800d9\" data-element_type=\"widget\" data-e-type=\"widget\" data-widget_type=\"heading.default\">\n\t\t\t\t<div class=\"elementor-widget-container\">\n\t\t\t\t\t<h2 class=\"elementor-heading-title elementor-size-default\">What is Cart\u00f3rioHelp4U<\/h2>\t\t\t\t<\/div>\n\t\t\t\t<\/div>\n\t\t\t\t<div class=\"elementor-element elementor-element-ef9aeb3 elementor-widget elementor-widget-text-editor\" data-id=\"ef9aeb3\" data-element_type=\"widget\" data-e-type=\"widget\" data-widget_type=\"text-editor.default\">\n\t\t\t\t<div class=\"elementor-widget-container\">\n\t\t\t\t\t\t\t\t\t<p>The notary firms that provide services to Cart\u00f3rioHelp4U offer Brazilians living in Europe a range of legal services and consultancy to make their bureaucratic processes more practical and faster, with all the security and guidance they need.<\/p><p>The main services offered include document registration in Brazil, Portugal and Italy, marriage and divorce by proxy, duplicate certificates, passport renewal, import consultancy, among others.<\/p><p>Cart\u00f3rioHelp4U is part of the LondonHelp4U group, founded by Francine Mendon\u00e7a, which has been offering immigration, visa, citizenship and exchange program services in the United Kingdom and Europe since 2001.<\/p>\t\t\t\t\t\t\t\t<\/div>\n\t\t\t\t<\/div>\n\t\t\t\t\t<\/div>\n\t\t\t\t<\/div>\n\t\t<div class=\"elementor-element elementor-element-22efec3 e-flex e-con-boxed wpr-particle-no wpr-jarallax-no wpr-parallax-no wpr-sticky-section-no e-con e-parent\" data-id=\"22efec3\" data-element_type=\"container\" data-e-type=\"container\" data-settings=\"{&quot;background_background&quot;:&quot;classic&quot;}\">\n\t\t\t\t\t<div class=\"e-con-inner\">\n\t\t\t\t<div class=\"elementor-element elementor-element-9cb30d9 elementor-widget elementor-widget-image\" data-id=\"9cb30d9\" data-element_type=\"widget\" data-e-type=\"widget\" data-widget_type=\"image.default\">\n\t\t\t\t<div class=\"elementor-widget-container\">\n\t\t\t\t\t\t\t\t\t\t\t\t\t\t\t<img fetchpriority=\"high\" decoding=\"async\" width=\"473\" height=\"680\" src=\"https:\/\/www.londonhelp4u.co.uk\/cartoriohelp4u\/wp-content\/uploads\/2025\/03\/francine-mendonca.jpg\" class=\"attachment-large size-large wp-image-2047\" alt=\"\" srcset=\"https:\/\/www.londonhelp4u.co.uk\/cartoriohelp4u\/wp-content\/uploads\/2025\/03\/francine-mendonca.jpg 473w, https:\/\/www.londonhelp4u.co.uk\/cartoriohelp4u\/wp-content\/uploads\/2025\/03\/francine-mendonca-209x300.jpg 209w\" sizes=\"(max-width: 473px) 100vw, 473px\" \/>\t\t\t\t\t\t\t\t\t\t\t\t\t\t\t<\/div>\n\t\t\t\t<\/div>\n\t\t<div class=\"elementor-element elementor-element-07b737c e-con-full e-flex wpr-particle-no wpr-jarallax-no wpr-parallax-no wpr-sticky-section-no e-con e-child\" data-id=\"07b737c\" data-element_type=\"container\" data-e-type=\"container\">\n\t\t\t\t<div class=\"elementor-element elementor-element-b35365e elementor-widget__width-initial elementor-widget-mobile__width-inherit elementor-widget elementor-widget-heading\" data-id=\"b35365e\" data-element_type=\"widget\" data-e-type=\"widget\" data-widget_type=\"heading.default\">\n\t\t\t\t<div class=\"elementor-widget-container\">\n\t\t\t\t\t<h2 class=\"elementor-heading-title elementor-size-default\">Meet Francine Mendon\u00e7a<\/h2>\t\t\t\t<\/div>\n\t\t\t\t<\/div>\n\t\t\t\t<div class=\"elementor-element elementor-element-e94d230 elementor-widget__width-initial elementor-widget-mobile__width-inherit elementor-widget elementor-widget-heading\" data-id=\"e94d230\" data-element_type=\"widget\" data-e-type=\"widget\" data-widget_type=\"heading.default\">\n\t\t\t\t<div class=\"elementor-widget-container\">\n\t\t\t\t\t<h4 class=\"elementor-heading-title elementor-size-default\">CEO of Cart\u00f3rioHelp4U<\/h4>\t\t\t\t<\/div>\n\t\t\t\t<\/div>\n\t\t\t\t<div class=\"elementor-element elementor-element-54cd718 elementor-widget elementor-widget-text-editor\" data-id=\"54cd718\" data-element_type=\"widget\" data-e-type=\"widget\" data-widget_type=\"text-editor.default\">\n\t\t\t\t<div class=\"elementor-widget-container\">\n\t\t\t\t\t\t\t\t\t<p>Born in the interior of Rio Grande do Sul, Francine Mendon\u00e7a began her successful journey in the United Kingdom in 1997 and 4 years later, she founded LondonHelp4U. Today, Francine works as the company&#8217;s Executive Director, is involved in strategic decisions, leads 10 employees and never gives up contact with the public. Francine works as an Immigration Consultant for more complex cases and continues to serve clients on a daily basis.<\/p>\t\t\t\t\t\t\t\t<\/div>\n\t\t\t\t<\/div>\n\t\t\t\t<\/div>\n\t\t\t\t\t<\/div>\n\t\t\t\t<\/div>\n\t\t<div class=\"elementor-element elementor-element-c616cf3 e-flex e-con-boxed wpr-particle-no wpr-jarallax-no wpr-parallax-no wpr-sticky-section-no e-con e-parent\" data-id=\"c616cf3\" data-element_type=\"container\" data-e-type=\"container\">\n\t\t\t\t\t<div class=\"e-con-inner\">\n\t\t<div class=\"elementor-element elementor-element-bcec9ab e-con-full e-flex wpr-particle-no wpr-jarallax-no wpr-parallax-no wpr-sticky-section-no e-con e-child\" data-id=\"bcec9ab\" data-element_type=\"container\" data-e-type=\"container\">\n\t\t\t\t<div class=\"elementor-element elementor-element-8a4aed7 elementor-widget elementor-widget-image\" data-id=\"8a4aed7\" data-element_type=\"widget\" data-e-type=\"widget\" data-widget_type=\"image.default\">\n\t\t\t\t<div class=\"elementor-widget-container\">\n\t\t\t\t\t\t\t\t\t\t\t\t\t\t\t<img decoding=\"async\" width=\"912\" height=\"1024\" src=\"https:\/\/www.londonhelp4u.co.uk\/cartoriohelp4u\/wp-content\/uploads\/2025\/03\/kamilla-912x1024.jpg\" class=\"attachment-large size-large wp-image-2048\" alt=\"\" srcset=\"https:\/\/www.londonhelp4u.co.uk\/cartoriohelp4u\/wp-content\/uploads\/2025\/03\/kamilla-912x1024.jpg 912w, https:\/\/www.londonhelp4u.co.uk\/cartoriohelp4u\/wp-content\/uploads\/2025\/03\/kamilla-267x300.jpg 267w, https:\/\/www.londonhelp4u.co.uk\/cartoriohelp4u\/wp-content\/uploads\/2025\/03\/kamilla-768x862.jpg 768w, https:\/\/www.londonhelp4u.co.uk\/cartoriohelp4u\/wp-content\/uploads\/2025\/03\/kamilla.jpg 1368w\" sizes=\"(max-width: 912px) 100vw, 912px\" \/>\t\t\t\t\t\t\t\t\t\t\t\t\t\t\t<\/div>\n\t\t\t\t<\/div>\n\t\t\t\t<\/div>\n\t\t<div class=\"elementor-element elementor-element-1ff383a e-con-full e-flex wpr-particle-no wpr-jarallax-no wpr-parallax-no wpr-sticky-section-no e-con e-child\" data-id=\"1ff383a\" data-element_type=\"container\" data-e-type=\"container\">\n\t\t\t\t<div class=\"elementor-element elementor-element-c6e6441 elementor-widget__width-initial elementor-widget-mobile__width-inherit elementor-widget elementor-widget-heading\" data-id=\"c6e6441\" data-element_type=\"widget\" data-e-type=\"widget\" data-widget_type=\"heading.default\">\n\t\t\t\t<div class=\"elementor-widget-container\">\n\t\t\t\t\t<h2 class=\"elementor-heading-title elementor-size-default\">Meet Kamila Pesks<\/h2>\t\t\t\t<\/div>\n\t\t\t\t<\/div>\n\t\t\t\t<div class=\"elementor-element elementor-element-181969a elementor-widget__width-initial elementor-widget-mobile__width-inherit elementor-widget elementor-widget-heading\" data-id=\"181969a\" data-element_type=\"widget\" data-e-type=\"widget\" data-widget_type=\"heading.default\">\n\t\t\t\t<div class=\"elementor-widget-container\">\n\t\t\t\t\t<h4 class=\"elementor-heading-title elementor-size-default\">Advisor at Cart\u00f3rioHelp4U<\/h4>\t\t\t\t<\/div>\n\t\t\t\t<\/div>\n\t\t\t\t<div class=\"elementor-element elementor-element-ecd8d26 elementor-widget elementor-widget-text-editor\" data-id=\"ecd8d26\" data-element_type=\"widget\" data-e-type=\"widget\" data-widget_type=\"text-editor.default\">\n\t\t\t\t<div class=\"elementor-widget-container\">\n\t\t\t\t\t\t\t\t\t<p>Kamilla has always been driven by a passion for justice. She graduated in Law from the renowned Faculdade de Direito do Leste de Minas, and built a solid career over nine years of dedication to the Brazilian Judiciary. In the corridors of the courts, she learned not only about laws, but also about the importance of listening, welcoming and seeking solutions for those who needed it most. Despite her success and stability, Kamilla felt a desire to explore new horizons. That was how she made one of the bravest decisions of her life: leaving her established career and heading to England. In a country with a different language and culture, she knew that there would be many challenges \u2014 but her desire to grow and reinvent herself was even greater. At first, adapting was not easy. An English student and far from her field of work, Kamilla faced the uncertainty of not knowing if she would return to work with what she loved. After all, laws are different in each country, and this difference seemed like an almost insurmountable obstacle. But life, with its surprising way of connecting paths, brought an unexpected opportunity. At an awards event, Kamilla met Francine Mendon\u00e7a, an inspiring figure and owner of the largest Brazilian immigration office in London. The connection was immediate \u2014 two women passionate about helping the Brazilian community abroad. Impressed by Kamilla&#8217;s experience and dedication, Francine invited her to join her team.<\/p><p>Thus, Kamilla began working as an advisor for issuing Brazilian documents, marriages, divorces and other essential services. With empathy, knowledge and excellence, she found her true mission: to be the bridge that connects Brazilians to their homeland, resolving bureaucratic issues with professionalism and care.<\/p><p>Today, Kamilla not only works in the field she has always loved, but also makes a difference in the lives of so many people who, like her, sought a new beginning far from home. Her story is an example of courage, transformation and dedication \u2014 and proof that, when we follow our passion, destiny takes care of guiding us to the right place.<\/p>\t\t\t\t\t\t\t\t<\/div>\n\t\t\t\t<\/div>\n\t\t\t\t<\/div>\n\t\t\t\t\t<\/div>\n\t\t\t\t<\/div>\n\t\t<div class=\"elementor-element elementor-element-6f23e9f e-flex e-con-boxed wpr-particle-no wpr-jarallax-no wpr-parallax-no wpr-sticky-section-no e-con e-parent\" data-id=\"6f23e9f\" data-element_type=\"container\" data-e-type=\"container\" data-settings=\"{&quot;background_background&quot;:&quot;classic&quot;}\">\n\t\t\t\t\t<div class=\"e-con-inner\">\n\t\t<div class=\"elementor-element elementor-element-c22c7fa e-con-full e-flex wpr-particle-no wpr-jarallax-no wpr-parallax-no wpr-sticky-section-no e-con e-child\" data-id=\"c22c7fa\" data-element_type=\"container\" data-e-type=\"container\">\n\t\t\t\t<div class=\"elementor-element elementor-element-08ce874 elementor-widget elementor-widget-image\" data-id=\"08ce874\" data-element_type=\"widget\" data-e-type=\"widget\" data-widget_type=\"image.default\">\n\t\t\t\t<div class=\"elementor-widget-container\">\n\t\t\t\t\t\t\t\t\t\t\t\t\t\t\t<img decoding=\"async\" width=\"768\" height=\"1024\" src=\"https:\/\/www.londonhelp4u.co.uk\/cartoriohelp4u\/wp-content\/uploads\/2025\/08\/Imagem-do-WhatsApp-de-2025-07-25-as-14.12.45_ecd6010a-768x1024.jpg\" class=\"attachment-large size-large wp-image-2072\" alt=\"\" srcset=\"https:\/\/www.londonhelp4u.co.uk\/cartoriohelp4u\/wp-content\/uploads\/2025\/08\/Imagem-do-WhatsApp-de-2025-07-25-as-14.12.45_ecd6010a-768x1024.jpg 768w, https:\/\/www.londonhelp4u.co.uk\/cartoriohelp4u\/wp-content\/uploads\/2025\/08\/Imagem-do-WhatsApp-de-2025-07-25-as-14.12.45_ecd6010a-225x300.jpg 225w, https:\/\/www.londonhelp4u.co.uk\/cartoriohelp4u\/wp-content\/uploads\/2025\/08\/Imagem-do-WhatsApp-de-2025-07-25-as-14.12.45_ecd6010a-1152x1536.jpg 1152w, https:\/\/www.londonhelp4u.co.uk\/cartoriohelp4u\/wp-content\/uploads\/2025\/08\/Imagem-do-WhatsApp-de-2025-07-25-as-14.12.45_ecd6010a.jpg 1536w\" sizes=\"(max-width: 768px) 100vw, 768px\" \/>\t\t\t\t\t\t\t\t\t\t\t\t\t\t\t<\/div>\n\t\t\t\t<\/div>\n\t\t\t\t<\/div>\n\t\t<div class=\"elementor-element elementor-element-d7074e3 e-con-full e-flex wpr-particle-no wpr-jarallax-no wpr-parallax-no wpr-sticky-section-no e-con e-child\" data-id=\"d7074e3\" data-element_type=\"container\" data-e-type=\"container\">\n\t\t\t\t<div class=\"elementor-element elementor-element-4699b33 elementor-widget__width-initial elementor-widget-mobile__width-inherit elementor-widget elementor-widget-heading\" data-id=\"4699b33\" data-element_type=\"widget\" data-e-type=\"widget\" data-widget_type=\"heading.default\">\n\t\t\t\t<div class=\"elementor-widget-container\">\n\t\t\t\t\t<h2 class=\"elementor-heading-title elementor-size-default\">Meet Tha\u00eds Bunn<\/h2>\t\t\t\t<\/div>\n\t\t\t\t<\/div>\n\t\t\t\t<div class=\"elementor-element elementor-element-a1d0b06 elementor-widget__width-initial elementor-widget-mobile__width-inherit elementor-widget elementor-widget-heading\" data-id=\"a1d0b06\" data-element_type=\"widget\" data-e-type=\"widget\" data-widget_type=\"heading.default\">\n\t\t\t\t<div class=\"elementor-widget-container\">\n\t\t\t\t\t<h4 class=\"elementor-heading-title elementor-size-default\">Advisor at Cart\u00f3rioHelp4U<\/h4>\t\t\t\t<\/div>\n\t\t\t\t<\/div>\n\t\t\t\t<div class=\"elementor-element elementor-element-424c814 elementor-widget elementor-widget-text-editor\" data-id=\"424c814\" data-element_type=\"widget\" data-e-type=\"widget\" data-widget_type=\"text-editor.default\">\n\t\t\t\t<div class=\"elementor-widget-container\">\n\t\t\t\t\t\t\t\t\t<p>Thais has always had a deep connection with the law. A graduate of the University of Southern Santa Catarina (UNISUL), she has built a solid career in Brazil over the last decade, working in areas such as civil, administrative, and public law. Her career is marked by integrity, dedication, and technical excellence.<\/p><p>As a senior lawyer at renowned law firms, Thais has led teams, managed large-scale cases\u2014such as those at Caixa Econ\u00f4mica Federal\u2014and actively participated in hearings and strategic decisions. She also worked in the public sector, as a legal advisor to the Florian\u00f3polis Attorney General&#8217;s Office, where she analyzed contracts, legal opinions, and highly complex legal issues. Her meticulous vision and ethical stance have always been a distinguishing feature in environments that demand precision and responsibility.<\/p><p>Despite the stability she achieved in Brazil, Thais decided to follow her instinct for growth and transformation. In 2025, she will begin a new phase of her journey: a Master&#8217;s degree in Business with Human Resource Management from Northumbria University in London. A choice that combines her legal experience with a strategic vision of business and people\u2014and reflects her desire to broaden her horizons and contribute to global contexts.<\/p><p>Currently, Thais is a member of the Cart\u00f3rioHelp4U team, where she puts her experience to work for the Brazilian community in the United Kingdom, providing empathy, clarity, and commitment in processes involving documentation, legalization, and connections with Brazil.<\/p><p>Her journey is about reinvention, purpose, and vision for the future\u2014and how law can be a link between cultures, people, and possibilities.<\/p>\t\t\t\t\t\t\t\t<\/div>\n\t\t\t\t<\/div>\n\t\t\t\t<\/div>\n\t\t\t\t\t<\/div>\n\t\t\t\t<\/div>\n\t\t\t\t<\/div>\n\t\t","protected":false},"excerpt":{"rendered":"<p>About Us What is Cart\u00f3rioHelp4U The notary firms that provide services to Cart\u00f3rioHelp4U offer Brazilians living in Europe a range of legal services and consultancy to make their bureaucratic processes more practical and faster, with all the security and guidance they need. The main services offered include document registration in Brazil, Portugal and Italy, marriage and divorce by proxy, duplicate certificates, passport renewal, import consultancy, among others. Cart\u00f3rioHelp4U is part of the LondonHelp4U group, founded by Francine Mendon\u00e7a, which has been offering immigration, visa, citizenship and exchange program services in the United Kingdom and Europe since 2001. Meet Francine Mendon\u00e7a CEO of Cart\u00f3rioHelp4U Born in the interior of Rio Grande do Sul, Francine Mendon\u00e7a began her successful journey in the United Kingdom in 1997 and 4 years later, she founded LondonHelp4U. Today, Francine works as the company&#8217;s Executive Director, is involved in strategic decisions, leads 10 employees and never gives up contact with the public. Francine works as an Immigration Consultant for more complex cases and continues to serve clients on a daily basis. Meet Kamila Pesks Advisor at Cart\u00f3rioHelp4U Kamilla has always been driven by a passion for justice. She graduated in Law from the renowned Faculdade de Direito do Leste de Minas, and built a solid career over nine years of dedication to the Brazilian Judiciary. In the corridors of the courts, she learned not only about laws, but also about the importance of listening, welcoming and seeking solutions for those who needed it most. Despite her success and stability, Kamilla felt a desire to explore new horizons. That was how she made one of the bravest decisions of her life: leaving her established career and heading to England. In a country with a different language and culture, she knew that there would be many challenges \u2014 but her desire to grow and reinvent herself was even greater. At first, adapting was not easy. An English student and far from her field of work, Kamilla faced the uncertainty of not knowing if she would return to work with what she loved. After all, laws are different in each country, and this difference seemed like an almost insurmountable obstacle. But life, with its surprising way of connecting paths, brought an unexpected opportunity. At an awards event, Kamilla met Francine Mendon\u00e7a, an inspiring figure and owner of the largest Brazilian immigration office in London. The connection was immediate \u2014 two women passionate about helping the Brazilian community abroad. Impressed by Kamilla&#8217;s experience and dedication, Francine invited her to join her team. Thus, Kamilla began working as an advisor for issuing Brazilian documents, marriages, divorces and other essential services. With empathy, knowledge and excellence, she found her true mission: to be the bridge that connects Brazilians to their homeland, resolving bureaucratic issues with professionalism and care. Today, Kamilla not only works in the field she has always loved, but also makes a difference in the lives of so many people who, like her, sought a new beginning far from home. Her story is an example of courage, transformation and dedication \u2014 and proof that, when we follow our passion, destiny takes care of guiding us to the right place. Meet Tha\u00eds Bunn Advisor at Cart\u00f3rioHelp4U Thais has always had a deep connection with the law. A graduate of the University of Southern Santa Catarina (UNISUL), she has built a solid career in Brazil over the last decade, working in areas such as civil, administrative, and public law. Her career is marked by integrity, dedication, and technical excellence. As a senior lawyer at renowned law firms, Thais has led teams, managed large-scale cases\u2014such as those at Caixa Econ\u00f4mica Federal\u2014and actively participated in hearings and strategic decisions. She also worked in the public sector, as a legal advisor to the Florian\u00f3polis Attorney General&#8217;s Office, where she analyzed contracts, legal opinions, and highly complex legal issues. Her meticulous vision and ethical stance have always been a distinguishing feature in environments that demand precision and responsibility. Despite the stability she achieved in Brazil, Thais decided to follow her instinct for growth and transformation. In 2025, she will begin a new phase of her journey: a Master&#8217;s degree in Business with Human Resource Management from Northumbria University in London. A choice that combines her legal experience with a strategic vision of business and people\u2014and reflects her desire to broaden her horizons and contribute to global contexts. Currently, Thais is a member of the Cart\u00f3rioHelp4U team, where she puts her experience to work for the Brazilian community in the United Kingdom, providing empathy, clarity, and commitment in processes involving documentation, legalization, and connections with Brazil. Her journey is about reinvention, purpose, and vision for the future\u2014and how law can be a link between cultures, people, and possibilities.<\/p>\n","protected":false},"author":1,"featured_media":0,"parent":0,"menu_order":0,"comment_status":"closed","ping_status":"closed","template":"","meta":{"site-sidebar-layout":"no-sidebar","site-content-layout":"page-builder","ast-site-content-layout":"full-width-container","site-content-style":"unboxed","site-sidebar-style":"unboxed","ast-global-header-display":"","ast-banner-title-visibility":"","ast-main-header-display":"","ast-hfb-above-header-display":"","ast-hfb-below-header-display":"","ast-hfb-mobile-header-display":"","site-post-title":"disabled","ast-breadcrumbs-content":"","ast-featured-img":"disabled","footer-sml-layout":"","ast-disable-related-posts":"","theme-transparent-header-meta":"enabled","adv-header-id-meta":"","stick-header-meta":"","header-above-stick-meta":"","header-main-stick-meta":"","header-below-stick-meta":"","astra-migrate-meta-layouts":"set","ast-page-background-enabled":"default","ast-page-background-meta":{"desktop":{"background-color":"","background-image":"","background-repeat":"repeat","background-position":"center center","background-size":"auto","background-attachment":"scroll","background-type":"","background-media":"","overlay-type":"","overlay-color":"","overlay-opacity":"","overlay-gradient":""},"tablet":{"background-color":"","background-image":"","background-repeat":"repeat","background-position":"center center","background-size":"auto","background-attachment":"scroll","background-type":"","background-media":"","overlay-type":"","overlay-color":"","overlay-opacity":"","overlay-gradient":""},"mobile":{"background-color":"","background-image":"","background-repeat":"repeat","background-position":"center center","background-size":"auto","background-attachment":"scroll","background-type":"","background-media":"","overlay-type":"","overlay-color":"","overlay-opacity":"","overlay-gradient":""}},"ast-content-background-meta":{"desktop":{"background-color":"var(--ast-global-color-5)","background-image":"","background-repeat":"repeat","background-position":"center center","background-size":"auto","background-attachment":"scroll","background-type":"","background-media":"","overlay-type":"","overlay-color":"","overlay-opacity":"","overlay-gradient":""},"tablet":{"background-color":"var(--ast-global-color-5)","background-image":"","background-repeat":"repeat","background-position":"center center","background-size":"auto","background-attachment":"scroll","background-type":"","background-media":"","overlay-type":"","overlay-color":"","overlay-opacity":"","overlay-gradient":""},"mobile":{"background-color":"var(--ast-global-color-5)","background-image":"","background-repeat":"repeat","background-position":"center center","background-size":"auto","background-attachment":"scroll","background-type":"","background-media":"","overlay-type":"","overlay-color":"","overlay-opacity":"","overlay-gradient":""}},"footnotes":""},"class_list":["post-2058","page","type-page","status-publish","hentry"],"_links":{"self":[{"href":"https:\/\/www.londonhelp4u.co.uk\/cartoriohelp4u\/wp-json\/wp\/v2\/pages\/2058","targetHints":{"allow":["GET"]}}],"collection":[{"href":"https:\/\/www.londonhelp4u.co.uk\/cartoriohelp4u\/wp-json\/wp\/v2\/pages"}],"about":[{"href":"https:\/\/www.londonhelp4u.co.uk\/cartoriohelp4u\/wp-json\/wp\/v2\/types\/page"}],"author":[{"embeddable":true,"href":"https:\/\/www.londonhelp4u.co.uk\/cartoriohelp4u\/wp-json\/wp\/v2\/users\/1"}],"replies":[{"embeddable":true,"href":"https:\/\/www.londonhelp4u.co.uk\/cartoriohelp4u\/wp-json\/wp\/v2\/comments?post=2058"}],"version-history":[{"count":16,"href":"https:\/\/www.londonhelp4u.co.uk\/cartoriohelp4u\/wp-json\/wp\/v2\/pages\/2058\/revisions"}],"predecessor-version":[{"id":2098,"href":"https:\/\/www.londonhelp4u.co.uk\/cartoriohelp4u\/wp-json\/wp\/v2\/pages\/2058\/revisions\/2098"}],"wp:attachment":[{"href":"https:\/\/www.londonhelp4u.co.uk\/cartoriohelp4u\/wp-json\/wp\/v2\/media?parent=2058"}],"curies":[{"name":"wp","href":"https:\/\/api.w.org\/{rel}","templated":true}]}}