{"id":1705,"date":"2024-09-02T13:37:38","date_gmt":"2024-09-02T13:37:38","guid":{"rendered":"https:\/\/www.londonhelp4u.co.uk\/cartoriohelp4u\/?page_id=1705"},"modified":"2025-10-03T12:43:45","modified_gmt":"2025-10-03T12:43:45","slug":"certificado-digital","status":"publish","type":"page","link":"https:\/\/www.londonhelp4u.co.uk\/cartoriohelp4u\/certificado-digital\/","title":{"rendered":"Certificado Digital"},"content":{"rendered":"\t\t<div data-elementor-type=\"wp-page\" data-elementor-id=\"1705\" class=\"elementor elementor-1705\">\n\t\t\t\t<div class=\"elementor-element elementor-element-6cc4423 e-flex e-con-boxed wpr-particle-no wpr-jarallax-no wpr-parallax-no wpr-sticky-section-no e-con e-parent\" data-id=\"6cc4423\" data-element_type=\"container\" data-e-type=\"container\" data-settings=\"{&quot;background_background&quot;:&quot;classic&quot;}\">\n\t\t\t\t\t<div class=\"e-con-inner\">\n\t\t<div class=\"elementor-element elementor-element-c4c552a e-con-full e-flex wpr-particle-no wpr-jarallax-no wpr-parallax-no wpr-sticky-section-no e-con e-child\" data-id=\"c4c552a\" data-element_type=\"container\" data-e-type=\"container\">\n\t\t\t\t<div class=\"elementor-element elementor-element-920e2c7 elementor-vertical-align-top elementor-widget elementor-widget-image-box\" data-id=\"920e2c7\" data-element_type=\"widget\" data-e-type=\"widget\" data-widget_type=\"image-box.default\">\n\t\t\t\t<div class=\"elementor-widget-container\">\n\t\t\t\t\t<div class=\"elementor-image-box-wrapper\"><div class=\"elementor-image-box-content\"><h1 class=\"elementor-image-box-title\">Certificado Digital<\/h1><\/div><\/div>\t\t\t\t<\/div>\n\t\t\t\t<\/div>\n\t\t\t\t<\/div>\n\t\t\t\t\t<\/div>\n\t\t\t\t<\/div>\n\t\t<div class=\"elementor-element elementor-element-49eac8b e-flex e-con-boxed wpr-particle-no wpr-jarallax-no wpr-parallax-no wpr-sticky-section-no e-con e-parent\" data-id=\"49eac8b\" data-element_type=\"container\" data-e-type=\"container\">\n\t\t\t\t\t<div class=\"e-con-inner\">\n\t\t\t\t<div class=\"elementor-element elementor-element-4b0cf40 elementor-widget elementor-widget-text-editor\" data-id=\"4b0cf40\" data-element_type=\"widget\" data-e-type=\"widget\" data-widget_type=\"text-editor.default\">\n\t\t\t\t<div class=\"elementor-widget-container\">\n\t\t\t\t\t\t\t\t\t<h4><span style=\"font-weight: 400;\">O que \u00e9 o certificado digital?<\/span><\/h4><p><span style=\"font-weight: 400;\">\u00c9 uma identidade virtual que permite a identifica\u00e7\u00e3o inequ\u00edvoca e segura do autor de uma mensagem ou transa\u00e7\u00e3o feita por meio eletr\u00f4nico.<\/span><\/p><h4><span style=\"font-weight: 400;\">O que \u00e9 a assinatura digital?<\/span><\/h4><p><span style=\"font-weight: 400;\">\u00c9 uma forma de assinar documentos que possui autenticidade, integridade, confiabilidade e n\u00e3o-rep\u00fadio. Isso significa que o autor de uma assinatura digital jamais poder\u00e1 negar, por for\u00e7as tecnol\u00f3gicas e legais, que seja o respons\u00e1vel pelo conte\u00fado.<\/span><\/p><h4><span style=\"font-weight: 400;\">O que posso fazer com o certificado digital?<\/span><\/h4><ul><li><span style=\"font-weight: 400;\">Assinar contratos e documentos digitais;<\/span><\/li><li><span style=\"font-weight: 400;\">Assinar declara\u00e7\u00e3o de renda e outros servi\u00e7os prestados pela Secretaria da Receita Federal;<\/span><\/li><li><span style=\"font-weight: 400;\">Processos judiciais e administrativos em meio eletr\u00f4nico;<\/span><\/li><li><span style=\"font-weight: 400;\">Obten\u00e7\u00e3o e envio de documentos aos cart\u00f3rios;<\/span><\/li><li><span style=\"font-weight: 400;\">Transa\u00e7\u00f5es seguras com institui\u00e7\u00f5es financeiras.<\/span><\/li><\/ul><h4><span style=\"font-weight: 400;\">A assinatura digitalizada \u00e9 a mesma que a assinatura digital?<\/span><\/h4><p><span style=\"font-weight: 400;\">N\u00e3o. A assinatura digitalizada n\u00e3o passa de uma c\u00f3pia da assinatura manuscrita e n\u00e3o garante autenticidade ao documento vez que facilmente pode ser copiada e inserida em um documento.\u00a0<\/span><\/p><h4><span style=\"font-weight: 400;\">\u00c9 poss\u00edvel modificar um documento assinado digitalmente?<\/span><\/h4><p><span style=\"font-weight: 400;\">N\u00e3o. A assinatura digital n\u00e3o apenas verifica a autoria do documento, como tamb\u00e9m o torna imut\u00e1vel. Caso haja qualquer altera\u00e7\u00e3o no documento, a assinatura previamente feita se torna inv\u00e1lida.<\/span><\/p>\t\t\t\t\t\t\t\t<\/div>\n\t\t\t\t<\/div>\n\t\t\t\t\t<\/div>\n\t\t\t\t<\/div>\n\t\t<div class=\"elementor-element elementor-element-7b94db6 e-flex e-con-boxed wpr-particle-no wpr-jarallax-no wpr-parallax-no wpr-sticky-section-no e-con e-parent\" data-id=\"7b94db6\" data-element_type=\"container\" data-e-type=\"container\" id=\"contato\" data-settings=\"{&quot;background_background&quot;:&quot;classic&quot;}\">\n\t\t\t\t\t<div class=\"e-con-inner\">\n\t\t<div class=\"elementor-element elementor-element-15c6dac e-con-full e-flex wpr-particle-no wpr-jarallax-no wpr-parallax-no wpr-sticky-section-no e-con e-child\" data-id=\"15c6dac\" data-element_type=\"container\" data-e-type=\"container\" data-settings=\"{&quot;background_background&quot;:&quot;classic&quot;}\">\n\t\t\t\t<div class=\"elementor-element elementor-element-0c6b04c elementor-widget elementor-widget-heading\" data-id=\"0c6b04c\" data-element_type=\"widget\" data-e-type=\"widget\" data-widget_type=\"heading.default\">\n\t\t\t\t<div class=\"elementor-widget-container\">\n\t\t\t\t\t<h2 class=\"elementor-heading-title elementor-size-default\">Adquira seu Certificado Digital com nossa equipe!<\/h2>\t\t\t\t<\/div>\n\t\t\t\t<\/div>\n\t\t\t\t<div class=\"elementor-element elementor-element-c3602db elementor-widget elementor-widget-text-editor\" data-id=\"c3602db\" data-element_type=\"widget\" data-e-type=\"widget\" data-widget_type=\"text-editor.default\">\n\t\t\t\t<div class=\"elementor-widget-container\">\n\t\t\t\t\t\t\t\t\t<p>Preencha o formul\u00e1rio abaixo para agendar sua consulta ou tirar d\u00favidas com nossa equipe. Aguardamos seu contato!<\/p>\t\t\t\t\t\t\t\t<\/div>\n\t\t\t\t<\/div>\n\t\t\t\t<div class=\"elementor-element elementor-element-68974e2 elementor-widget__width-inherit elementor-widget elementor-widget-wpforms\" data-id=\"68974e2\" data-element_type=\"widget\" data-e-type=\"widget\" data-widget_type=\"wpforms.default\">\n\t\t\t\t<div class=\"elementor-widget-container\">\n\t\t\t\t\t<div class=\"wpforms-container \" id=\"wpforms-2189\"><form id=\"wpforms-form-2189\" class=\"wpforms-validate wpforms-form\" data-formid=\"2189\" method=\"post\" enctype=\"multipart\/form-data\" action=\"\/cartoriohelp4u\/wp-json\/wp\/v2\/pages\/1705\" data-token=\"0f5f688bfe3387421739c95135648407\" data-token-time=\"1775714605\"><noscript class=\"wpforms-error-noscript\">Please enable JavaScript in your browser to complete this form.<\/noscript><div class=\"wpforms-field-container\"><div id=\"wpforms-2189-field_1-container\" class=\"wpforms-field wpforms-field-text\" data-field-id=\"1\"><label class=\"wpforms-field-label wpforms-label-hide\" for=\"wpforms-2189-field_1\">Text* Field (nome) <span class=\"wpforms-required-label\">*<\/span><\/label><input type=\"text\" id=\"wpforms-2189-field_1\" class=\"wpforms-field-large wpforms-field-required\" name=\"wpforms[fields][1]\" placeholder=\"Nome\" required><\/div><div id=\"wpforms-2189-field_2-container\" class=\"wpforms-field wpforms-field-text\" data-field-id=\"2\"><label class=\"wpforms-field-label wpforms-label-hide\" for=\"wpforms-2189-field_2\">Text* Field (tel) <span class=\"wpforms-required-label\">*<\/span><\/label><input type=\"text\" id=\"wpforms-2189-field_2\" class=\"wpforms-field-large wpforms-field-required\" name=\"wpforms[fields][2]\" placeholder=\"Telefone\" required><\/div>\t\t<div id=\"wpforms-2189-field_6-container\"\n\t\t\tclass=\"wpforms-field wpforms-field-text\"\n\t\t\tdata-field-type=\"text\"\n\t\t\tdata-field-id=\"6\"\n\t\t\t>\n\t\t\t<label class=\"wpforms-field-label\" for=\"wpforms-2189-field_6\" >(nome) (emaill) Email*<\/label>\n\t\t\t<input type=\"text\" id=\"wpforms-2189-field_6\" class=\"wpforms-field-medium\" name=\"wpforms[fields][6]\" >\n\t\t<\/div>\n\t\t<div id=\"wpforms-2189-field_3-container\" class=\"wpforms-field wpforms-field-email\" data-field-id=\"3\"><label class=\"wpforms-field-label wpforms-label-hide\" for=\"wpforms-2189-field_3\">Email* Field (emaill) <span class=\"wpforms-required-label\">*<\/span><\/label><input type=\"email\" id=\"wpforms-2189-field_3\" class=\"wpforms-field-large wpforms-field-required\" name=\"wpforms[fields][3]\" placeholder=\"Email\" spellcheck=\"false\" required><\/div><div id=\"wpforms-2189-field_4-container\" class=\"wpforms-field wpforms-field-select wpforms-field-select-style-classic\" data-field-id=\"4\"><label class=\"wpforms-field-label wpforms-label-hide\" for=\"wpforms-2189-field_4\">Select Field (servicos)<\/label><select id=\"wpforms-2189-field_4\" class=\"wpforms-field-large\" name=\"wpforms[fields][4]\"><option value=\"Clique para selecionar o servi\u00e7o\"  class=\"choice-0 depth-1\"  >Clique para selecionar o servi\u00e7o<\/option><option value=\"Servi\u00e7os de Assist\u00eancia para Notariza\u00e7\u00e3o\"  class=\"choice-1 depth-1\"  >Servi\u00e7os de Assist\u00eancia para Notariza\u00e7\u00e3o<\/option><option value=\"Cidadanias &amp; Passaportes\"  class=\"choice-2 depth-1\"  >Cidadanias &amp; Passaportes<\/option><option value=\"Certid\u00f5es &amp; Tradu\u00e7\u00f5es\"  class=\"choice-3 depth-1\"  >Certid\u00f5es &amp; Tradu\u00e7\u00f5es<\/option><option value=\"Casamento na Dinamarca\"  class=\"choice-4 depth-1\"  >Casamento na Dinamarca<\/option><option value=\"Certificado Digital\"  class=\"choice-5 depth-1\"  >Certificado Digital<\/option><\/select><\/div><div id=\"wpforms-2189-field_5-container\" class=\"wpforms-field wpforms-field-textarea\" data-field-id=\"5\"><label class=\"wpforms-field-label wpforms-label-hide\" for=\"wpforms-2189-field_5\">Textarea* Field (mensagem) <span class=\"wpforms-required-label\">*<\/span><\/label><textarea id=\"wpforms-2189-field_5\" class=\"wpforms-field-medium wpforms-field-required\" name=\"wpforms[fields][5]\" placeholder=\"Mensagem\" required><\/textarea><\/div><script>\n\t\t\t\t( function() {\n\t\t\t\t\tconst style = document.createElement( 'style' );\n\t\t\t\t\tstyle.appendChild( document.createTextNode( '#wpforms-2189-field_6-container { position: absolute !important; overflow: hidden !important; display: inline !important; height: 1px !important; width: 1px !important; z-index: -1000 !important; padding: 0 !important; } #wpforms-2189-field_6-container input { visibility: hidden; } #wpforms-conversational-form-page #wpforms-2189-field_6-container label { counter-increment: none; }' ) );\n\t\t\t\t\tdocument.head.appendChild( style );\n\t\t\t\t\tdocument.currentScript?.remove();\n\t\t\t\t} )();\n\t\t\t<\/script><\/div><!-- .wpforms-field-container --><div class=\"wpforms-submit-container\" ><input type=\"hidden\" name=\"wpforms[id]\" value=\"2189\"><input type=\"hidden\" name=\"page_title\" value=\"\"><input type=\"hidden\" name=\"page_url\" value=\"https:\/\/www.londonhelp4u.co.uk\/cartoriohelp4u\/wp-json\/wp\/v2\/pages\/1705\"><input type=\"hidden\" name=\"url_referer\" value=\"\">\t\t<div id=\"cf-turnstile-wpf-1909267326\"\r\n\t\tclass=\"cf-turnstile\" \t\tdata-sitekey=\"0x4AAAAAAA_ja_dWb1sbd8hF\"\r\n\t\tdata-theme=\"light\"\r\n\t\tdata-language=\"auto\"\r\n\t\tdata-size=\"normal\"\r\n\t\tdata-retry=\"auto\" data-retry-interval=\"1000\"\r\n\t\tdata-refresh-expired=\"auto\"\r\n\t\tdata-action=\"wpforms-2189\"\r\n\t\t\t\tdata-appearance=\"always\"><\/div>\r\n\t\t\t<script>document.addEventListener(\"DOMContentLoaded\", function() { setTimeout(function(){ var e=document.getElementById(\"cf-turnstile-wpf-1909267326\"); e&&!e.innerHTML.trim()&&(turnstile.remove(\"#cf-turnstile-wpf-1909267326\"), turnstile.render(\"#cf-turnstile-wpf-1909267326\", {sitekey:\"0x4AAAAAAA_ja_dWb1sbd8hF\"})); }, 100); });<\/script>\r\n\t\t\t<br class=\"cf-turnstile-br cf-turnstile-br-wpf-1909267326\">\r\n\t\t\t\t<style>#cf-turnstile-wpf-1909267326 { margin-left: -15px; }<\/style>\r\n\t\t<button type=\"submit\" name=\"wpforms[submit]\" id=\"wpforms-submit-2189\" class=\"wpforms-submit\" data-alt-text=\"Enviando\" data-submit-text=\"SOLICITAR\" aria-live=\"assertive\" value=\"wpforms-submit\">SOLICITAR<\/button><\/div><\/form><\/div>  <!-- .wpforms-container -->\t\t\t\t<\/div>\n\t\t\t\t<\/div>\n\t\t\t\t<\/div>\n\t\t<div class=\"elementor-element elementor-element-cfb3a6f e-con-full e-flex wpr-particle-no wpr-jarallax-no wpr-parallax-no wpr-sticky-section-no e-con e-child\" data-id=\"cfb3a6f\" data-element_type=\"container\" data-e-type=\"container\" data-settings=\"{&quot;background_background&quot;:&quot;classic&quot;}\">\n\t\t\t\t<div class=\"elementor-element elementor-element-73fae19 elementor-widget elementor-widget-heading\" data-id=\"73fae19\" data-element_type=\"widget\" data-e-type=\"widget\" data-widget_type=\"heading.default\">\n\t\t\t\t<div class=\"elementor-widget-container\">\n\t\t\t\t\t<h2 class=\"elementor-heading-title elementor-size-default\">Onde estamos<\/h2>\t\t\t\t<\/div>\n\t\t\t\t<\/div>\n\t\t\t\t<div class=\"elementor-element elementor-element-16e1195 elementor-widget elementor-widget-text-editor\" data-id=\"16e1195\" data-element_type=\"widget\" data-e-type=\"widget\" data-widget_type=\"text-editor.default\">\n\t\t\t\t<div class=\"elementor-widget-container\">\n\t\t\t\t\t\t\t\t\t<p>A Cart\u00f3rioHelp4U oferece seus servi\u00e7os no escrit\u00f3rio da LondonHelp4U em Londres, no endere\u00e7o:<\/p>\t\t\t\t\t\t\t\t<\/div>\n\t\t\t\t<\/div>\n\t\t\t\t<div class=\"elementor-element elementor-element-9df9d7f elementor-position-inline-start elementor-mobile-position-inline-start elementor-view-default elementor-widget elementor-widget-icon-box\" data-id=\"9df9d7f\" data-element_type=\"widget\" data-e-type=\"widget\" data-widget_type=\"icon-box.default\">\n\t\t\t\t<div class=\"elementor-widget-container\">\n\t\t\t\t\t\t\t<div class=\"elementor-icon-box-wrapper\">\n\n\t\t\t\t\t\t<div class=\"elementor-icon-box-icon\">\n\t\t\t\t<span  class=\"elementor-icon\">\n\t\t\t\t<i aria-hidden=\"true\" class=\"fas fa-map-marker-alt\"><\/i>\t\t\t\t<\/span>\n\t\t\t<\/div>\n\t\t\t\n\t\t\t\t\t\t<div class=\"elementor-icon-box-content\">\n\n\t\t\t\t\t\t\t\t\t<h3 class=\"elementor-icon-box-title\">\n\t\t\t\t\t\t<span  >\n\t\t\t\t\t\t\t190 Campden Hill Road<br>London W8 7TH \u2013 United Kingdom\t\t\t\t\t\t<\/span>\n\t\t\t\t\t<\/h3>\n\t\t\t\t\n\t\t\t\t\n\t\t\t<\/div>\n\t\t\t\n\t\t<\/div>\n\t\t\t\t\t\t<\/div>\n\t\t\t\t<\/div>\n\t\t\t\t<div class=\"elementor-element elementor-element-58ef6fa elementor-hidden-mobile elementor-widget elementor-widget-html\" data-id=\"58ef6fa\" data-element_type=\"widget\" data-e-type=\"widget\" data-widget_type=\"html.default\">\n\t\t\t\t<div class=\"elementor-widget-container\">\n\t\t\t\t\t<iframe src=\"https:\/\/www.google.com\/maps\/embed?pb=!1m18!1m12!1m3!1d2483.2694248896714!2d-0.20214872307987417!3d51.50827291063927!2m3!1f0!2f0!3f0!3m2!1i1024!2i768!4f13.1!3m3!1m2!1s0x48761b2b0386f62d%3A0xdffcd34d0a31e2c6!2sLondonHelp4U!5e0!3m2!1spt-BR!2sbr!4v1725274313557!5m2!1spt-BR!2sbr\" width=\"600\" height=\"350\" style=\"border:0;\" allowfullscreen=\"\" loading=\"lazy\" referrerpolicy=\"no-referrer-when-downgrade\"><\/iframe>\t\t\t\t<\/div>\n\t\t\t\t<\/div>\n\t\t\t\t<div class=\"elementor-element elementor-element-b991bcf elementor-hidden-desktop elementor-hidden-tablet elementor-widget elementor-widget-html\" data-id=\"b991bcf\" data-element_type=\"widget\" data-e-type=\"widget\" data-widget_type=\"html.default\">\n\t\t\t\t<div class=\"elementor-widget-container\">\n\t\t\t\t\t<iframe src=\"https:\/\/www.google.com\/maps\/embed?pb=!1m18!1m12!1m3!1d2483.2694248896714!2d-0.20214872307987417!3d51.50827291063927!2m3!1f0!2f0!3f0!3m2!1i1024!2i768!4f13.1!3m3!1m2!1s0x48761b2b0386f62d%3A0xdffcd34d0a31e2c6!2sLondonHelp4U!5e0!3m2!1spt-BR!2sbr!4v1725274313557!5m2!1spt-BR!2sbr\" width=\"600\" height=\"150\" style=\"border:0;\" allowfullscreen=\"\" loading=\"lazy\" referrerpolicy=\"no-referrer-when-downgrade\"><\/iframe>\t\t\t\t<\/div>\n\t\t\t\t<\/div>\n\t\t\t\t<\/div>\n\t\t\t\t\t<\/div>\n\t\t\t\t<\/div>\n\t\t\t\t<\/div>\n\t\t","protected":false},"excerpt":{"rendered":"<p>Certificado Digital O que \u00e9 o certificado digital? \u00c9 uma identidade virtual que permite a identifica\u00e7\u00e3o inequ\u00edvoca e segura do autor de uma mensagem ou transa\u00e7\u00e3o feita por meio eletr\u00f4nico. O que \u00e9 a assinatura digital? \u00c9 uma forma de assinar documentos que possui autenticidade, integridade, confiabilidade e n\u00e3o-rep\u00fadio. Isso significa que o autor de uma assinatura digital jamais poder\u00e1 negar, por for\u00e7as tecnol\u00f3gicas e legais, que seja o respons\u00e1vel pelo conte\u00fado. O que posso fazer com o certificado digital? Assinar contratos e documentos digitais; Assinar declara\u00e7\u00e3o de renda e outros servi\u00e7os prestados pela Secretaria da Receita Federal; Processos judiciais e administrativos em meio eletr\u00f4nico; Obten\u00e7\u00e3o e envio de documentos aos cart\u00f3rios; Transa\u00e7\u00f5es seguras com institui\u00e7\u00f5es financeiras. A assinatura digitalizada \u00e9 a mesma que a assinatura digital? N\u00e3o. A assinatura digitalizada n\u00e3o passa de uma c\u00f3pia da assinatura manuscrita e n\u00e3o garante autenticidade ao documento vez que facilmente pode ser copiada e inserida em um documento.\u00a0 \u00c9 poss\u00edvel modificar um documento assinado digitalmente? N\u00e3o. A assinatura digital n\u00e3o apenas verifica a autoria do documento, como tamb\u00e9m o torna imut\u00e1vel. Caso haja qualquer altera\u00e7\u00e3o no documento, a assinatura previamente feita se torna inv\u00e1lida. Adquira seu Certificado Digital com nossa equipe! Preencha o formul\u00e1rio abaixo para agendar sua consulta ou tirar d\u00favidas com nossa equipe. Aguardamos seu contato! Please enable JavaScript in your browser to complete this form.Text* Field (nome) *Text* Field (tel) *Email* Field (emaill) *Select Field (servicos)Clique para selecionar o servi\u00e7oServi\u00e7os de Assist\u00eancia para Notariza\u00e7\u00e3oCidadanias &amp; PassaportesCertid\u00f5es &amp; Tradu\u00e7\u00f5esCasamento na DinamarcaCertificado DigitalTextarea* Field (mensagem) * SOLICITAR Onde estamos A Cart\u00f3rioHelp4U oferece seus servi\u00e7os no escrit\u00f3rio da LondonHelp4U em Londres, no endere\u00e7o: 190 Campden Hill RoadLondon W8 7TH \u2013 United Kingdom<\/p>\n","protected":false},"author":1,"featured_media":0,"parent":0,"menu_order":0,"comment_status":"closed","ping_status":"closed","template":"","meta":{"site-sidebar-layout":"no-sidebar","site-content-layout":"page-builder","ast-site-content-layout":"full-width-container","site-content-style":"unboxed","site-sidebar-style":"unboxed","ast-global-header-display":"","ast-banner-title-visibility":"","ast-main-header-display":"","ast-hfb-above-header-display":"","ast-hfb-below-header-display":"","ast-hfb-mobile-header-display":"","site-post-title":"disabled","ast-breadcrumbs-content":"","ast-featured-img":"disabled","footer-sml-layout":"","ast-disable-related-posts":"","theme-transparent-header-meta":"enabled","adv-header-id-meta":"","stick-header-meta":"","header-above-stick-meta":"","header-main-stick-meta":"","header-below-stick-meta":"","astra-migrate-meta-layouts":"set","ast-page-background-enabled":"default","ast-page-background-meta":{"desktop":{"background-color":"","background-image":"","background-repeat":"repeat","background-position":"center center","background-size":"auto","background-attachment":"scroll","background-type":"","background-media":"","overlay-type":"","overlay-color":"","overlay-opacity":"","overlay-gradient":""},"tablet":{"background-color":"","background-image":"","background-repeat":"repeat","background-position":"center center","background-size":"auto","background-attachment":"scroll","background-type":"","background-media":"","overlay-type":"","overlay-color":"","overlay-opacity":"","overlay-gradient":""},"mobile":{"background-color":"","background-image":"","background-repeat":"repeat","background-position":"center center","background-size":"auto","background-attachment":"scroll","background-type":"","background-media":"","overlay-type":"","overlay-color":"","overlay-opacity":"","overlay-gradient":""}},"ast-content-background-meta":{"desktop":{"background-color":"var(--ast-global-color-5)","background-image":"","background-repeat":"repeat","background-position":"center center","background-size":"auto","background-attachment":"scroll","background-type":"","background-media":"","overlay-type":"","overlay-color":"","overlay-opacity":"","overlay-gradient":""},"tablet":{"background-color":"var(--ast-global-color-5)","background-image":"","background-repeat":"repeat","background-position":"center center","background-size":"auto","background-attachment":"scroll","background-type":"","background-media":"","overlay-type":"","overlay-color":"","overlay-opacity":"","overlay-gradient":""},"mobile":{"background-color":"var(--ast-global-color-5)","background-image":"","background-repeat":"repeat","background-position":"center center","background-size":"auto","background-attachment":"scroll","background-type":"","background-media":"","overlay-type":"","overlay-color":"","overlay-opacity":"","overlay-gradient":""}},"footnotes":""},"class_list":["post-1705","page","type-page","status-publish","hentry"],"_links":{"self":[{"href":"https:\/\/www.londonhelp4u.co.uk\/cartoriohelp4u\/wp-json\/wp\/v2\/pages\/1705","targetHints":{"allow":["GET"]}}],"collection":[{"href":"https:\/\/www.londonhelp4u.co.uk\/cartoriohelp4u\/wp-json\/wp\/v2\/pages"}],"about":[{"href":"https:\/\/www.londonhelp4u.co.uk\/cartoriohelp4u\/wp-json\/wp\/v2\/types\/page"}],"author":[{"embeddable":true,"href":"https:\/\/www.londonhelp4u.co.uk\/cartoriohelp4u\/wp-json\/wp\/v2\/users\/1"}],"replies":[{"embeddable":true,"href":"https:\/\/www.londonhelp4u.co.uk\/cartoriohelp4u\/wp-json\/wp\/v2\/comments?post=1705"}],"version-history":[{"count":16,"href":"https:\/\/www.londonhelp4u.co.uk\/cartoriohelp4u\/wp-json\/wp\/v2\/pages\/1705\/revisions"}],"predecessor-version":[{"id":2224,"href":"https:\/\/www.londonhelp4u.co.uk\/cartoriohelp4u\/wp-json\/wp\/v2\/pages\/1705\/revisions\/2224"}],"wp:attachment":[{"href":"https:\/\/www.londonhelp4u.co.uk\/cartoriohelp4u\/wp-json\/wp\/v2\/media?parent=1705"}],"curies":[{"name":"wp","href":"https:\/\/api.w.org\/{rel}","templated":true}]}}